{"id":326,"date":"2018-03-22T17:24:15","date_gmt":"2018-03-22T17:24:15","guid":{"rendered":"http:\/\/icec.umag.cl\/?page_id=326"},"modified":"2021-04-05T19:15:27","modified_gmt":"2021-04-05T19:15:27","slug":"equipo","status":"publish","type":"page","link":"https:\/\/icec.umag.cl\/?page_id=326","title":{"rendered":"Equipo de Coordinaci\u00f3n"},"content":{"rendered":"\n<p><\/p>\n\n\n<div class=\"tlp-team-container rt-team-container-1642 tlp-team\" id=\"tlp-team-213582111\"  data-layout='layout1' data-desktop-col='4'  data-tab-col='2'  data-mobile-col='1'><div class='tlp-row layout1' data-owl-options=''><div class=\"team-member tlp-equal-height tlp-col-md-3 tlp-col-sm-6 tlp-col-xs-12\">\n    <div class=\"single-team-area\">\n\t    <a title=\"Mg. Mauricio Aguayo C\u00e1rdenas\" href=\"https:\/\/icec.umag.cl\/?team=mg-mauricio-aguayo-cardenas\"><img width=\"300\" height=\"300\" src=\"https:\/\/icec.umag.cl\/wp-content\/uploads\/2021\/04\/mauricio-1x1-1-300x300.jpg\" class=\"img-responsive rt-team-img\" alt=\"Mg. Mauricio Aguayo C\u00e1rdenas\" loading=\"lazy\" srcset=\"https:\/\/icec.umag.cl\/wp-content\/uploads\/2021\/04\/mauricio-1x1-1-300x300.jpg 300w, https:\/\/icec.umag.cl\/wp-content\/uploads\/2021\/04\/mauricio-1x1-1-150x150.jpg 150w, https:\/\/icec.umag.cl\/wp-content\/uploads\/2021\/04\/mauricio-1x1-1-640x640.jpg 640w, https:\/\/icec.umag.cl\/wp-content\/uploads\/2021\/04\/mauricio-1x1-1-400x400.jpg 400w, https:\/\/icec.umag.cl\/wp-content\/uploads\/2021\/04\/mauricio-1x1-1.jpg 683w\" sizes=\"(max-width: 300px) 100vw, 300px\" \/><\/a>        <div class=\"tlp-content\">\n            <h3 class=\"name\"><a title=\"Mg. Mauricio Aguayo C\u00e1rdenas\" href=\"https:\/\/icec.umag.cl\/?team=mg-mauricio-aguayo-cardenas\">Mg. Mauricio Aguayo C\u00e1rdenas<\/a><\/h3>            <div class=\"designation\">Profesional de apoyo<\/div>        <\/div>\n        <div class=\"short-bio\"><p>Profesor de Educaci\u00f3n General B\u00e1sica; Universidad de Magallanes.\r\nLicenciado en Educaci\u00f3n; Universidad de Magallanes.\r\nPost\u00edtulo en Ciencias Naturales; Universidad de Vi\u00f1a del Mar.\r\nMag\u00edster en Educaci\u00f3n, Menci\u00f3n Gesti\u00f3n de Calidad; Universidad Miguel de Cervantes.<\/p><\/div>            <\/div>\n<\/div>\n<div class=\"team-member tlp-equal-height tlp-col-md-3 tlp-col-sm-6 tlp-col-xs-12\">\n    <div class=\"single-team-area\">\n\t    <a title=\"Mg. Leonardo Vel\u00e1squez Castro\" href=\"https:\/\/icec.umag.cl\/?team=mg-leonardo-velasquez-castro\"><img width=\"300\" height=\"300\" src=\"https:\/\/icec.umag.cl\/wp-content\/uploads\/2021\/04\/LEONARDO-1x1-copia-300x300.jpg\" class=\"img-responsive rt-team-img\" alt=\"Mg. Leonardo Vel\u00e1squez Castro\" loading=\"lazy\" srcset=\"https:\/\/icec.umag.cl\/wp-content\/uploads\/2021\/04\/LEONARDO-1x1-copia-300x300.jpg 300w, https:\/\/icec.umag.cl\/wp-content\/uploads\/2021\/04\/LEONARDO-1x1-copia-1024x1024.jpg 1024w, https:\/\/icec.umag.cl\/wp-content\/uploads\/2021\/04\/LEONARDO-1x1-copia-150x150.jpg 150w, https:\/\/icec.umag.cl\/wp-content\/uploads\/2021\/04\/LEONARDO-1x1-copia-768x768.jpg 768w, https:\/\/icec.umag.cl\/wp-content\/uploads\/2021\/04\/LEONARDO-1x1-copia-640x640.jpg 640w, https:\/\/icec.umag.cl\/wp-content\/uploads\/2021\/04\/LEONARDO-1x1-copia-1080x1080.jpg 1080w, https:\/\/icec.umag.cl\/wp-content\/uploads\/2021\/04\/LEONARDO-1x1-copia-400x400.jpg 400w, https:\/\/icec.umag.cl\/wp-content\/uploads\/2021\/04\/LEONARDO-1x1-copia.jpg 1365w\" sizes=\"(max-width: 300px) 100vw, 300px\" \/><\/a>        <div class=\"tlp-content\">\n            <h3 class=\"name\"><a title=\"Mg. Leonardo Vel\u00e1squez Castro\" href=\"https:\/\/icec.umag.cl\/?team=mg-leonardo-velasquez-castro\">Mg. Leonardo Vel\u00e1squez Castro<\/a><\/h3>            <div class=\"designation\">Coordinador Institucional<\/div>        <\/div>\n        <div class=\"short-bio\"><p>Profesor de Educaci\u00f3n General B\u00e1sica; Universidad de Magallanes.\r\nLicenciado en Educaci\u00f3n; Universidad de Magallanes.\r\nMag\u00edster en Desarrollo Curricular y Proyectos Educativos; Universidad Andr\u00e9s Bello.<\/p><\/div>            <\/div>\n<\/div>\n<div class=\"team-member tlp-equal-height tlp-col-md-3 tlp-col-sm-6 tlp-col-xs-12\">\n    <div class=\"single-team-area\">\n\t    <a title=\"Prof. Alan Maldonado M\u00e1rquez\" href=\"https:\/\/icec.umag.cl\/?team=prof-alan-maldonado-marquez\"><img width=\"300\" height=\"300\" src=\"https:\/\/icec.umag.cl\/wp-content\/uploads\/2021\/04\/alan2-1x1-1-300x300.jpg\" class=\"img-responsive rt-team-img\" alt=\"Prof. Alan Maldonado M\u00e1rquez\" loading=\"lazy\" srcset=\"https:\/\/icec.umag.cl\/wp-content\/uploads\/2021\/04\/alan2-1x1-1-300x300.jpg 300w, https:\/\/icec.umag.cl\/wp-content\/uploads\/2021\/04\/alan2-1x1-1-150x150.jpg 150w, https:\/\/icec.umag.cl\/wp-content\/uploads\/2021\/04\/alan2-1x1-1-640x640.jpg 640w, https:\/\/icec.umag.cl\/wp-content\/uploads\/2021\/04\/alan2-1x1-1-400x400.jpg 400w, https:\/\/icec.umag.cl\/wp-content\/uploads\/2021\/04\/alan2-1x1-1.jpg 683w\" sizes=\"(max-width: 300px) 100vw, 300px\" \/><\/a>        <div class=\"tlp-content\">\n            <h3 class=\"name\"><a title=\"Prof. Alan Maldonado M\u00e1rquez\" href=\"https:\/\/icec.umag.cl\/?team=prof-alan-maldonado-marquez\">Prof. Alan Maldonado M\u00e1rquez<\/a><\/h3>            <div class=\"designation\">Coordinador Acad\u00e9mico<\/div>        <\/div>\n        <div class=\"short-bio\"><p>Licenciado en Educaci\u00f3n;\u00a0Universidad de Magallanes.\r\nProfesor de Biolog\u00eda y Ciencias Naturales; Universidad de Magallanes.<\/p><\/div>            <\/div>\n<\/div>\n<\/div><\/div>\n","protected":false},"excerpt":{"rendered":"","protected":false},"author":1,"featured_media":0,"parent":0,"menu_order":0,"comment_status":"closed","ping_status":"closed","template":"","meta":[],"_links":{"self":[{"href":"https:\/\/icec.umag.cl\/index.php?rest_route=\/wp\/v2\/pages\/326"}],"collection":[{"href":"https:\/\/icec.umag.cl\/index.php?rest_route=\/wp\/v2\/pages"}],"about":[{"href":"https:\/\/icec.umag.cl\/index.php?rest_route=\/wp\/v2\/types\/page"}],"author":[{"embeddable":true,"href":"https:\/\/icec.umag.cl\/index.php?rest_route=\/wp\/v2\/users\/1"}],"replies":[{"embeddable":true,"href":"https:\/\/icec.umag.cl\/index.php?rest_route=%2Fwp%2Fv2%2Fcomments&post=326"}],"version-history":[{"count":12,"href":"https:\/\/icec.umag.cl\/index.php?rest_route=\/wp\/v2\/pages\/326\/revisions"}],"predecessor-version":[{"id":1645,"href":"https:\/\/icec.umag.cl\/index.php?rest_route=\/wp\/v2\/pages\/326\/revisions\/1645"}],"wp:attachment":[{"href":"https:\/\/icec.umag.cl\/index.php?rest_route=%2Fwp%2Fv2%2Fmedia&parent=326"}],"curies":[{"name":"wp","href":"https:\/\/api.w.org\/{rel}","templated":true}]}}