{"id":1198,"date":"2020-06-10T00:22:16","date_gmt":"2020-06-10T00:22:16","guid":{"rendered":"http:\/\/icec.umag.cl\/?page_id=1198"},"modified":"2020-08-25T23:07:15","modified_gmt":"2020-08-25T23:07:15","slug":"charlas-sociocientificas","status":"publish","type":"page","link":"https:\/\/icec.umag.cl\/?page_id=1198","title":{"rendered":"Charlas Sociocient\u00edficas"},"content":{"rendered":"\t\t<div data-elementor-type=\"wp-page\" data-elementor-id=\"1198\" class=\"elementor elementor-1198\" data-elementor-settings=\"[]\">\n\t\t\t\t\t\t<div class=\"elementor-inner\">\n\t\t\t\t\t\t\t<div class=\"elementor-section-wrap\">\n\t\t\t\t\t\t\t<section class=\"elementor-section elementor-top-section elementor-element elementor-element-9a7e789 elementor-section-boxed elementor-section-height-default elementor-section-height-default\" data-id=\"9a7e789\" data-element_type=\"section\">\n\t\t\t\t\t\t<div class=\"elementor-container elementor-column-gap-default\">\n\t\t\t\t\t\t\t<div class=\"elementor-row\">\n\t\t\t\t\t<div class=\"elementor-column elementor-col-100 elementor-top-column elementor-element elementor-element-0c4fb7f\" data-id=\"0c4fb7f\" data-element_type=\"column\">\n\t\t\t<div class=\"elementor-column-wrap elementor-element-populated\">\n\t\t\t\t\t\t\t<div class=\"elementor-widget-wrap\">\n\t\t\t\t\t\t<div class=\"elementor-element elementor-element-661e7a3 elementor-widget elementor-widget-obfx-posts-grid\" data-id=\"661e7a3\" data-element_type=\"widget\" data-widget_type=\"obfx-posts-grid.default\">\n\t\t\t\t<div class=\"elementor-widget-container\">\n\t\t\t<div class=\"obfx-grid\"><div class=\"obfx-grid-container obfx-grid-mobile-1 obfx-grid-tablet-2 obfx-grid-desktop-3\"><div class=\"obfx-grid-wrapper\"><article class=\"obfx-grid-col\"><div class=\"obfx-grid-col-image\" ><a href=\"https:\/\/icec.umag.cl\/?p=1459\" title=\"Invitan a profesores de Magallanes a participar de taller sobre estrategias para la ense\u00f1anza escolar a distancia\"><img width=\"1212\" height=\"1708\" src=\"https:\/\/icec.umag.cl\/wp-content\/uploads\/2020\/08\/cristian-celedon-afiche-taller.jpg\" class=\"img-responsive wp-post-image\" alt=\"cristian-celedon-afiche-taller\" loading=\"lazy\" srcset=\"https:\/\/icec.umag.cl\/wp-content\/uploads\/2020\/08\/cristian-celedon-afiche-taller.jpg 1212w, https:\/\/icec.umag.cl\/wp-content\/uploads\/2020\/08\/cristian-celedon-afiche-taller-213x300.jpg 213w, https:\/\/icec.umag.cl\/wp-content\/uploads\/2020\/08\/cristian-celedon-afiche-taller-727x1024.jpg 727w, https:\/\/icec.umag.cl\/wp-content\/uploads\/2020\/08\/cristian-celedon-afiche-taller-768x1082.jpg 768w, https:\/\/icec.umag.cl\/wp-content\/uploads\/2020\/08\/cristian-celedon-afiche-taller-1090x1536.jpg 1090w, https:\/\/icec.umag.cl\/wp-content\/uploads\/2020\/08\/cristian-celedon-afiche-taller-1024x1443.jpg 1024w\" sizes=\"(max-width: 1212px) 100vw, 1212px\" \/><\/a><\/div><div class=\"obfx-grid-col-content\">\t\t\t<h2 class=\"entry-title obfx-grid-title\">\n\t\t\t\t\t\t\t<a href=\"https:\/\/icec.umag.cl\/?p=1459\" title=\"Invitan a profesores de Magallanes a participar de taller sobre estrategias para la ense\u00f1anza escolar a distancia\">\n\t\t\t\t\tInvitan a profesores de Magallanes a participar de taller sobre estrategias para la ense\u00f1anza escolar a distancia\t\t\t\t<\/a>\n\t\t\t\t\t\t\t<\/h2>\n\t\t\t\t\t\t\t<div class=\"entry-meta obfx-grid-meta\">\n\n\t\t\t\t\t\t\t\t\t\t\t\t\t<span class=\"obfx-grid-author\">\n\t\t\t\t\t\t\t\t\t<i class=\"fas fa-user\"><\/i>admin\t\t\t\t\t\t\t\t<\/span>\n\t\t\t\t\t\t\t\t\t\t\t\t\t\t\t\t<span class=\"obfx-grid-date\">\n\t\t\t\t\t\t\t\t\t<i class=\"fas fa-calendar\"><\/i>20 agosto, 2020\t\t\t\t\t\t\t\t<\/span>\n\t\t\t\t\t\t\t\t\n\t\t\t\t<\/div>\n\t\t\t\t\t\t\t<div class=\"entry-content obfx-grid-content\">\n\t\t\t\t-Una adaptaci\u00f3n adecuada al contexto de pandemia actual que tambi\u00e9n permita proyectar los procesos formativos a este nuevo modelo no presencial, ser\u00e1 el objetivo central de esta instancia que busca&hellip;\t\t\t<\/div>\n\t\t\t<\/div><\/article><\/div><div class=\"obfx-grid-wrapper\"><article class=\"obfx-grid-col\"><div class=\"obfx-grid-col-image\" ><a href=\"https:\/\/icec.umag.cl\/?p=1398\" title=\"Coordinador acad\u00e9mico ICEC UMAG estren\u00f3 ciclo de charlas online en escuela de la Regi\u00f3n de Valpara\u00edso\"><img width=\"1280\" height=\"960\" src=\"https:\/\/icec.umag.cl\/wp-content\/uploads\/2020\/07\/charla-escuela-libertad.png\" class=\"img-responsive wp-post-image\" alt=\"charla escuela libertad\" loading=\"lazy\" srcset=\"https:\/\/icec.umag.cl\/wp-content\/uploads\/2020\/07\/charla-escuela-libertad.png 1280w, https:\/\/icec.umag.cl\/wp-content\/uploads\/2020\/07\/charla-escuela-libertad-300x225.png 300w, https:\/\/icec.umag.cl\/wp-content\/uploads\/2020\/07\/charla-escuela-libertad-768x576.png 768w, https:\/\/icec.umag.cl\/wp-content\/uploads\/2020\/07\/charla-escuela-libertad-1024x768.png 1024w\" sizes=\"(max-width: 1280px) 100vw, 1280px\" \/><\/a><\/div><div class=\"obfx-grid-col-content\">\t\t\t<h2 class=\"entry-title obfx-grid-title\">\n\t\t\t\t\t\t\t<a href=\"https:\/\/icec.umag.cl\/?p=1398\" title=\"Coordinador acad\u00e9mico ICEC UMAG estren\u00f3 ciclo de charlas online en escuela de la Regi\u00f3n de Valpara\u00edso\">\n\t\t\t\t\tCoordinador acad\u00e9mico ICEC UMAG estren\u00f3 ciclo de charlas online en escuela de la Regi\u00f3n de Valpara\u00edso\t\t\t\t<\/a>\n\t\t\t\t\t\t\t<\/h2>\n\t\t\t\t\t\t\t<div class=\"entry-meta obfx-grid-meta\">\n\n\t\t\t\t\t\t\t\t\t\t\t\t\t<span class=\"obfx-grid-author\">\n\t\t\t\t\t\t\t\t\t<i class=\"fas fa-user\"><\/i>admin\t\t\t\t\t\t\t\t<\/span>\n\t\t\t\t\t\t\t\t\t\t\t\t\t\t\t\t<span class=\"obfx-grid-date\">\n\t\t\t\t\t\t\t\t\t<i class=\"fas fa-calendar\"><\/i>23 julio, 2020\t\t\t\t\t\t\t\t<\/span>\n\t\t\t\t\t\t\t\t\n\t\t\t\t<\/div>\n\t\t\t\t\t\t\t<div class=\"entry-content obfx-grid-content\">\n\t\t\t\tA principios de julio, el docente y coordinador acad\u00e9mico del Programa ICEC de la Universidad de Magallanes, Alan Maldonado M\u00e1rquez, particip\u00f3 como relator en la primera conferencia cient\u00edfica organizada por&hellip;\t\t\t<\/div>\n\t\t\t<\/div><\/article><\/div><div class=\"obfx-grid-wrapper\"><article class=\"obfx-grid-col\"><div class=\"obfx-grid-col-image\" ><a href=\"https:\/\/icec.umag.cl\/?p=1218\" title=\"Charlas sociocient\u00edficas reunir\u00e1n a investigadores y la comunidad en torno a la educaci\u00f3n en ciencias\"><img width=\"1600\" height=\"2133\" src=\"https:\/\/icec.umag.cl\/wp-content\/uploads\/2020\/06\/RRSS_corregido.png\" class=\"img-responsive wp-post-image\" alt=\"RRSS_corregido\" loading=\"lazy\" srcset=\"https:\/\/icec.umag.cl\/wp-content\/uploads\/2020\/06\/RRSS_corregido.png 1600w, https:\/\/icec.umag.cl\/wp-content\/uploads\/2020\/06\/RRSS_corregido-225x300.png 225w, https:\/\/icec.umag.cl\/wp-content\/uploads\/2020\/06\/RRSS_corregido-768x1024.png 768w, https:\/\/icec.umag.cl\/wp-content\/uploads\/2020\/06\/RRSS_corregido-1024x1365.png 1024w\" sizes=\"(max-width: 1600px) 100vw, 1600px\" \/><\/a><\/div><div class=\"obfx-grid-col-content\">\t\t\t<h2 class=\"entry-title obfx-grid-title\">\n\t\t\t\t\t\t\t<a href=\"https:\/\/icec.umag.cl\/?p=1218\" title=\"Charlas sociocient\u00edficas reunir\u00e1n a investigadores y la comunidad en torno a la educaci\u00f3n en ciencias\">\n\t\t\t\t\tCharlas sociocient\u00edficas reunir\u00e1n a investigadores y la comunidad en torno a la educaci\u00f3n en ciencias\t\t\t\t<\/a>\n\t\t\t\t\t\t\t<\/h2>\n\t\t\t\t\t\t\t<div class=\"entry-meta obfx-grid-meta\">\n\n\t\t\t\t\t\t\t\t\t\t\t\t\t<span class=\"obfx-grid-author\">\n\t\t\t\t\t\t\t\t\t<i class=\"fas fa-user\"><\/i>admin\t\t\t\t\t\t\t\t<\/span>\n\t\t\t\t\t\t\t\t\t\t\t\t\t\t\t\t<span class=\"obfx-grid-date\">\n\t\t\t\t\t\t\t\t\t<i class=\"fas fa-calendar\"><\/i>12 junio, 2020\t\t\t\t\t\t\t\t<\/span>\n\t\t\t\t\t\t\t\t\n\t\t\t\t<\/div>\n\t\t\t\t\t\t\t<div class=\"entry-content obfx-grid-content\">\n\t\t\t\t&nbsp; A partir de este s\u00e1bado 13 de junio, a las 19.00 horas de Magallanes, el Programa de Indagaci\u00f3n Cient\u00edfica para la Educaci\u00f3n en Ciencias (ICEC), ejecutado por la Universidad&hellip;\t\t\t<\/div>\n\t\t\t<\/div><\/article><\/div><\/div><!-- .obfx-grid-container --><\/div><!-- .obfx-grid -->\t\t<\/div>\n\t\t\t\t<\/div>\n\t\t\t\t\t\t<\/div>\n\t\t\t\t\t<\/div>\n\t\t<\/div>\n\t\t\t\t\t\t\t\t<\/div>\n\t\t\t\t\t<\/div>\n\t\t<\/section>\n\t\t\t\t<section class=\"elementor-section elementor-top-section elementor-element elementor-element-41f5a073 elementor-section-boxed elementor-section-height-default elementor-section-height-default\" data-id=\"41f5a073\" data-element_type=\"section\">\n\t\t\t\t\t\t<div class=\"elementor-container elementor-column-gap-default\">\n\t\t\t\t\t\t\t<div class=\"elementor-row\">\n\t\t\t\t\t<div class=\"elementor-column elementor-col-100 elementor-top-column elementor-element elementor-element-4864efd2\" data-id=\"4864efd2\" data-element_type=\"column\">\n\t\t\t<div class=\"elementor-column-wrap elementor-element-populated\">\n\t\t\t\t\t\t\t<div class=\"elementor-widget-wrap\">\n\t\t\t\t\t\t<div class=\"elementor-element elementor-element-1d7407e4 elementor-widget elementor-widget-heading\" data-id=\"1d7407e4\" data-element_type=\"widget\" data-widget_type=\"heading.default\">\n\t\t\t\t<div class=\"elementor-widget-container\">\n\t\t\t<h2 class=\"elementor-heading-title elementor-size-default\">Revive nuestras charlas sociocient\u00edficas a continuaci\u00f3n:<\/h2>\t\t<\/div>\n\t\t\t\t<\/div>\n\t\t\t\t\t\t<\/div>\n\t\t\t\t\t<\/div>\n\t\t<\/div>\n\t\t\t\t\t\t\t\t<\/div>\n\t\t\t\t\t<\/div>\n\t\t<\/section>\n\t\t\t\t<section class=\"elementor-section elementor-top-section elementor-element elementor-element-50f1316a elementor-section-boxed elementor-section-height-default elementor-section-height-default\" data-id=\"50f1316a\" data-element_type=\"section\">\n\t\t\t\t\t\t<div class=\"elementor-container elementor-column-gap-default\">\n\t\t\t\t\t\t\t<div class=\"elementor-row\">\n\t\t\t\t\t<div class=\"elementor-column elementor-col-33 elementor-top-column elementor-element elementor-element-998831\" data-id=\"998831\" data-element_type=\"column\">\n\t\t\t<div class=\"elementor-column-wrap\">\n\t\t\t\t\t\t\t<div class=\"elementor-widget-wrap\">\n\t\t\t\t\t\t\t\t<\/div>\n\t\t\t\t\t<\/div>\n\t\t<\/div>\n\t\t\t\t<div class=\"elementor-column elementor-col-33 elementor-top-column elementor-element elementor-element-42f8804c\" data-id=\"42f8804c\" data-element_type=\"column\">\n\t\t\t<div class=\"elementor-column-wrap elementor-element-populated\">\n\t\t\t\t\t\t\t<div class=\"elementor-widget-wrap\">\n\t\t\t\t\t\t<div class=\"elementor-element elementor-element-73a736e2 elementor-view-default elementor-invisible elementor-widget elementor-widget-icon\" data-id=\"73a736e2\" data-element_type=\"widget\" data-settings=\"{&quot;_animation&quot;:&quot;slideInUp&quot;}\" data-widget_type=\"icon.default\">\n\t\t\t\t<div class=\"elementor-widget-container\">\n\t\t\t\t\t<div class=\"elementor-icon-wrapper\">\n\t\t\t<div class=\"elementor-icon\">\n\t\t\t\t\t\t\t<i class=\"fa fa-arrow-down\" aria-hidden=\"true\"><\/i>\n\t\t\t\t\t\t<\/div>\n\t\t<\/div>\n\t\t\t\t<\/div>\n\t\t\t\t<\/div>\n\t\t\t\t\t\t<\/div>\n\t\t\t\t\t<\/div>\n\t\t<\/div>\n\t\t\t\t<div class=\"elementor-column elementor-col-33 elementor-top-column elementor-element elementor-element-1402c3ab\" data-id=\"1402c3ab\" data-element_type=\"column\">\n\t\t\t<div class=\"elementor-column-wrap\">\n\t\t\t\t\t\t\t<div class=\"elementor-widget-wrap\">\n\t\t\t\t\t\t\t\t<\/div>\n\t\t\t\t\t<\/div>\n\t\t<\/div>\n\t\t\t\t\t\t\t\t<\/div>\n\t\t\t\t\t<\/div>\n\t\t<\/section>\n\t\t\t\t<section class=\"elementor-section elementor-top-section elementor-element elementor-element-3be163aa elementor-section-boxed elementor-section-height-default elementor-section-height-default\" data-id=\"3be163aa\" data-element_type=\"section\">\n\t\t\t\t\t\t<div class=\"elementor-container elementor-column-gap-default\">\n\t\t\t\t\t\t\t<div class=\"elementor-row\">\n\t\t\t\t\t<div class=\"elementor-column elementor-col-100 elementor-top-column elementor-element elementor-element-4ebc55f7\" data-id=\"4ebc55f7\" data-element_type=\"column\">\n\t\t\t<div class=\"elementor-column-wrap elementor-element-populated\">\n\t\t\t\t\t\t\t<div class=\"elementor-widget-wrap\">\n\t\t\t\t\t\t<div class=\"elementor-element elementor-element-104287b0 elementor-invisible elementor-widget elementor-widget-html\" data-id=\"104287b0\" data-element_type=\"widget\" data-settings=\"{&quot;_animation&quot;:&quot;fadeIn&quot;}\" data-widget_type=\"html.default\">\n\t\t\t\t<div class=\"elementor-widget-container\">\n\t\t\t<iframe src=\"https:\/\/www.facebook.com\/plugins\/video.php?href=https%3A%2F%2Fwww.facebook.com%2Ficecumag%2Fvideos%2F922590831543419%2F&show_text=0&width=560\" width=\"560\" height=\"508\" style=\"border:none;overflow:hidden\" scrolling=\"no\" frameborder=\"0\" allowTransparency=\"true\" allowFullScreen=\"true\"><\/iframe>\t\t<\/div>\n\t\t\t\t<\/div>\n\t\t\t\t\t\t<\/div>\n\t\t\t\t\t<\/div>\n\t\t<\/div>\n\t\t\t\t\t\t\t\t<\/div>\n\t\t\t\t\t<\/div>\n\t\t<\/section>\n\t\t\t\t<section class=\"elementor-section elementor-top-section elementor-element elementor-element-ecda114 elementor-section-boxed elementor-section-height-default elementor-section-height-default\" data-id=\"ecda114\" data-element_type=\"section\">\n\t\t\t\t\t\t<div class=\"elementor-container elementor-column-gap-default\">\n\t\t\t\t\t\t\t<div class=\"elementor-row\">\n\t\t\t\t\t<div class=\"elementor-column elementor-col-100 elementor-top-column elementor-element elementor-element-8c95962\" data-id=\"8c95962\" data-element_type=\"column\">\n\t\t\t<div class=\"elementor-column-wrap elementor-element-populated\">\n\t\t\t\t\t\t\t<div class=\"elementor-widget-wrap\">\n\t\t\t\t\t\t<div class=\"elementor-element elementor-element-ce9cb75 elementor-invisible elementor-widget elementor-widget-html\" data-id=\"ce9cb75\" data-element_type=\"widget\" data-settings=\"{&quot;_animation&quot;:&quot;fadeIn&quot;}\" data-widget_type=\"html.default\">\n\t\t\t\t<div class=\"elementor-widget-container\">\n\t\t\t<iframe src=\"https:\/\/www.facebook.com\/plugins\/video.php?href=https%3A%2F%2Fwww.facebook.com%2Ficecumag%2Fvideos%2F713091396145058%2F&show_text=0&width=560\" width=\"560\" height=\"508\" style=\"border:none;overflow:hidden\" scrolling=\"no\" frameborder=\"0\" allowTransparency=\"true\" allowFullScreen=\"true\"><\/iframe>\t\t<\/div>\n\t\t\t\t<\/div>\n\t\t\t\t\t\t<\/div>\n\t\t\t\t\t<\/div>\n\t\t<\/div>\n\t\t\t\t\t\t\t\t<\/div>\n\t\t\t\t\t<\/div>\n\t\t<\/section>\n\t\t\t\t<section class=\"elementor-section elementor-top-section elementor-element elementor-element-ec10d45 elementor-section-boxed elementor-section-height-default elementor-section-height-default\" data-id=\"ec10d45\" data-element_type=\"section\">\n\t\t\t\t\t\t<div class=\"elementor-container elementor-column-gap-default\">\n\t\t\t\t\t\t\t<div class=\"elementor-row\">\n\t\t\t\t\t<div class=\"elementor-column elementor-col-100 elementor-top-column elementor-element elementor-element-1dffbd3\" data-id=\"1dffbd3\" data-element_type=\"column\">\n\t\t\t<div class=\"elementor-column-wrap elementor-element-populated\">\n\t\t\t\t\t\t\t<div class=\"elementor-widget-wrap\">\n\t\t\t\t\t\t<div class=\"elementor-element elementor-element-3c7d719 elementor-invisible elementor-widget elementor-widget-html\" data-id=\"3c7d719\" data-element_type=\"widget\" data-settings=\"{&quot;_animation&quot;:&quot;fadeIn&quot;}\" data-widget_type=\"html.default\">\n\t\t\t\t<div class=\"elementor-widget-container\">\n\t\t\t<iframe src=\"https:\/\/www.facebook.com\/plugins\/video.php?href=https%3A%2F%2Fwww.facebook.com%2Ficecumag%2Fvideos%2F2710675469254974%2F&show_text=0&width=560\" width=\"560\" height=\"508\" style=\"border:none;overflow:hidden\" scrolling=\"no\" frameborder=\"0\" allowTransparency=\"true\" allowFullScreen=\"true\"><\/iframe>\t\t<\/div>\n\t\t\t\t<\/div>\n\t\t\t\t\t\t<\/div>\n\t\t\t\t\t<\/div>\n\t\t<\/div>\n\t\t\t\t\t\t\t\t<\/div>\n\t\t\t\t\t<\/div>\n\t\t<\/section>\n\t\t\t\t<section class=\"elementor-section elementor-top-section elementor-element elementor-element-5c89f38a elementor-section-boxed elementor-section-height-default elementor-section-height-default\" data-id=\"5c89f38a\" data-element_type=\"section\">\n\t\t\t\t\t\t<div class=\"elementor-container elementor-column-gap-default\">\n\t\t\t\t\t\t\t<div class=\"elementor-row\">\n\t\t\t\t\t<div class=\"elementor-column elementor-col-100 elementor-top-column elementor-element elementor-element-6e943292\" data-id=\"6e943292\" data-element_type=\"column\">\n\t\t\t<div class=\"elementor-column-wrap elementor-element-populated\">\n\t\t\t\t\t\t\t<div class=\"elementor-widget-wrap\">\n\t\t\t\t\t\t<div class=\"elementor-element elementor-element-7dcb14f elementor-invisible elementor-widget elementor-widget-html\" data-id=\"7dcb14f\" data-element_type=\"widget\" data-settings=\"{&quot;_animation&quot;:&quot;fadeIn&quot;}\" data-widget_type=\"html.default\">\n\t\t\t\t<div class=\"elementor-widget-container\">\n\t\t\t<iframe src=\"https:\/\/www.facebook.com\/plugins\/video.php?href=https%3A%2F%2Fwww.facebook.com%2Ficecumag%2Fvideos%2F2675893782682595%2F&show_text=1&width=560\" width=\"560\" height=\"508\" style=\"border:none;overflow:hidden\" scrolling=\"no\" frameborder=\"0\" allowTransparency=\"true\" allow=\"encrypted-media\" allowFullScreen=\"true\"><\/iframe>\t\t<\/div>\n\t\t\t\t<\/div>\n\t\t\t\t\t\t<\/div>\n\t\t\t\t\t<\/div>\n\t\t<\/div>\n\t\t\t\t\t\t\t\t<\/div>\n\t\t\t\t\t<\/div>\n\t\t<\/section>\n\t\t\t\t<section class=\"elementor-section elementor-top-section elementor-element elementor-element-7e296af1 elementor-section-boxed elementor-section-height-default elementor-section-height-default\" data-id=\"7e296af1\" data-element_type=\"section\">\n\t\t\t\t\t\t<div class=\"elementor-container elementor-column-gap-default\">\n\t\t\t\t\t\t\t<div class=\"elementor-row\">\n\t\t\t\t\t<div class=\"elementor-column elementor-col-100 elementor-top-column elementor-element elementor-element-11aedd4f\" data-id=\"11aedd4f\" data-element_type=\"column\">\n\t\t\t<div class=\"elementor-column-wrap elementor-element-populated\">\n\t\t\t\t\t\t\t<div class=\"elementor-widget-wrap\">\n\t\t\t\t\t\t<div class=\"elementor-element elementor-element-7282d7c8 elementor-invisible elementor-widget elementor-widget-html\" data-id=\"7282d7c8\" data-element_type=\"widget\" data-settings=\"{&quot;_animation&quot;:&quot;fadeIn&quot;}\" data-widget_type=\"html.default\">\n\t\t\t\t<div class=\"elementor-widget-container\">\n\t\t\t<iframe src=\"https:\/\/www.facebook.com\/plugins\/video.php?href=https%3A%2F%2Fwww.facebook.com%2Ficecumag%2Fvideos%2F588778375383367%2F&show_text=1&width=560\" width=\"560\" height=\"442\" style=\"border:none;overflow:hidden\" scrolling=\"no\" frameborder=\"0\" allowTransparency=\"true\" allow=\"encrypted-media\" allowFullScreen=\"true\"><\/iframe>\t\t<\/div>\n\t\t\t\t<\/div>\n\t\t\t\t\t\t<\/div>\n\t\t\t\t\t<\/div>\n\t\t<\/div>\n\t\t\t\t\t\t\t\t<\/div>\n\t\t\t\t\t<\/div>\n\t\t<\/section>\n\t\t\t\t\t\t<\/div>\n\t\t\t\t\t\t<\/div>\n\t\t\t\t\t<\/div>\n\t\t","protected":false},"excerpt":{"rendered":"<p>Invitan a profesores de Magallanes a participar de taller sobre estrategias para la ense\u00f1anza escolar a distancia admin 20 agosto, 2020 -Una adaptaci\u00f3n adecuada al contexto de pandemia actual que tambi\u00e9n permita proyectar los procesos formativos a este nuevo modelo no presencial, ser\u00e1 el objetivo central de esta instancia que busca&hellip; Read more Coordinador acad\u00e9mico&hellip; <br \/> <a class=\"read-more\" href=\"https:\/\/icec.umag.cl\/?p=1218\">Leer m\u00e1s<\/a><\/p>\n","protected":false},"author":1,"featured_media":1388,"parent":0,"menu_order":0,"comment_status":"closed","ping_status":"closed","template":"","meta":[],"_links":{"self":[{"href":"https:\/\/icec.umag.cl\/index.php?rest_route=\/wp\/v2\/pages\/1198"}],"collection":[{"href":"https:\/\/icec.umag.cl\/index.php?rest_route=\/wp\/v2\/pages"}],"about":[{"href":"https:\/\/icec.umag.cl\/index.php?rest_route=\/wp\/v2\/types\/page"}],"author":[{"embeddable":true,"href":"https:\/\/icec.umag.cl\/index.php?rest_route=\/wp\/v2\/users\/1"}],"replies":[{"embeddable":true,"href":"https:\/\/icec.umag.cl\/index.php?rest_route=%2Fwp%2Fv2%2Fcomments&post=1198"}],"version-history":[{"count":64,"href":"https:\/\/icec.umag.cl\/index.php?rest_route=\/wp\/v2\/pages\/1198\/revisions"}],"predecessor-version":[{"id":1483,"href":"https:\/\/icec.umag.cl\/index.php?rest_route=\/wp\/v2\/pages\/1198\/revisions\/1483"}],"wp:featuredmedia":[{"embeddable":true,"href":"https:\/\/icec.umag.cl\/index.php?rest_route=\/wp\/v2\/media\/1388"}],"wp:attachment":[{"href":"https:\/\/icec.umag.cl\/index.php?rest_route=%2Fwp%2Fv2%2Fmedia&parent=1198"}],"curies":[{"name":"wp","href":"https:\/\/api.w.org\/{rel}","templated":true}]}}